{"id":981,"date":"2018-07-18T21:18:48","date_gmt":"2018-07-18T21:18:48","guid":{"rendered":"https:\/\/shaaraf.com\/?post_type=product&#038;p=981"},"modified":"2025-04-21T20:51:45","modified_gmt":"2025-04-21T20:51:45","slug":"table-loom","status":"publish","type":"product","link":"https:\/\/shaaraf.com\/es\/product\/table-loom\/","title":{"rendered":"Telar de Mesa Yasmina"},"content":{"rendered":"<p><span style=\"color: #0d5e73;\"><strong><u>Introducci\u00f3n<\/u><\/strong><\/span><\/p>\n<p>Los telares de mesa se clasifican como telares de palanca. Son uno de los telares m\u00e1s f\u00e1ciles de usar. Cada eje est\u00e1 conectado a una palanca, lo que facilita todas las variaciones posibles de levantar las palancas. Las palancas est\u00e1n en la parte delantera, lo que hace que sea tan f\u00e1cil de alcanzar como para evitar que distraigan al tejedor.<br \/>\nLos telares de mesa tienen la distinci\u00f3n de ser port\u00e1tiles. Puede moverlos adentro o afuera, por ejemplo, desde su casa hasta el taller de producci\u00f3n o capacitaci\u00f3n. Esto se debe a que son f\u00e1cilmente plegables, incluso si hay tela en ellos.<\/p>\n<p><span style=\"color: #0d5e73;\"><strong><u>Usos<\/u><\/strong><\/span><\/p>\n<p>Existen varios usos de telares de mesa, que se pueden resumir de la siguiente manera:<br \/>\n<strong><span style=\"color: #0d5e73;\">Educaci\u00f3n y entrenamiento:<\/span><\/strong> Al ser herramientas perfectas para comprender las estructuras textiles, los telares de mesa se pueden utilizar con fines educativos en colegios e institutos, as\u00ed como talleres para capacitaci\u00f3n en tejido manual o mec\u00e1nico.<br \/>\n<span style=\"color: #0d5e73;\"><strong>Producci\u00f3n profesional:<\/strong><\/span> Los telares de mesa son confiables para obtener textiles con anchos compatibles. Adem\u00e1s, se pueden usar con hilos novedosos para tener telas novedosas.<br \/>\n<span style=\"color: #0d5e73;\"><strong>Producci\u00f3n personal:<\/strong><\/span> Los telares de mesa son tan f\u00e1ciles que casi cualquiera puede trabajar en ellos (incluso los ni\u00f1os) para tener excelentes productos textiles para ellos o para sus seres queridos.<br \/>\n<span style=\"color: #0d5e73;\"><strong>Creaci\u00f3n de muestras de tejido de prueba:<\/strong><\/span> Los telares de mesa son muy \u00fatiles para crear muestras de tela antes de implementarlos en telares manuales o telares mec\u00e1nicos.<br \/>\n<span style=\"color: #0d5e73;\"><strong>F\u00e1cil conversi\u00f3n a&nbsp; telar de marcos si es necesario:<\/strong><\/span> La torre del telar se puede separar de la base para que pueda funcionar como un telar de marco que se puede usar para producir tapices si es necesario.<\/p>\n<p><span style=\"color: #0d5e73;\"><strong><u>Caracter\u00edsticas del telar de mesa Yasmina<\/u><\/strong><\/span><\/p>\n<p><span style=\"color: #0d5e73;\"><strong>Varias selecciones que se adaptan a sus necesidades:<\/strong><\/span> Shaaraf para equipos y herramientas textiles proporciona al telar de mesa Yasmina 3 anchos de tejido diferentes: 40 cm, 60 cm y 80 cm, mientras que el n\u00famero de ejes es 4, 8, 12 o 16 seg\u00fan el ancho de tejido de la siguiente manera:<br \/>\n&#8211; Los telares de 40 cm de ancho se pueden equipar con 4 u 8 ejes.<br \/>\n&#8211; Los telares de 60 cm de ancho se pueden equipar con 4, 8 o 12 ejes.<br \/>\n&#8211; Los telares de 80 cm de ancho se pueden equipar con 4, 8, 12 o 16 ejes.<br \/>\n<span style=\"color: #0d5e73;\"><strong>Consigue diversos textiles:<\/strong><\/span> Las palancas del telar de Yasmina est\u00e1n dise\u00f1adas de manera que el cobertizo formado es completamente claro. La altura del cobertizo se puede alterar en caso de alta tensi\u00f3n. Vale la pena se\u00f1alar que el dise\u00f1o hace posible que la urdimbre sea m\u00e1s baja que el soporte de pecho y urdimbre o en el mismo nivel al comienzo de la urdimbre. Esta opci\u00f3n hace que el telar sea \u00f3ptimo para tejer diversos hilos y, por lo tanto, obtener diversos tejidos.<br \/>\n<span style=\"color: #0d5e73;\"><strong>Consistencia de la tela:<\/strong><\/span> El batidor se cuelga en una altura adecuada para que pueda batir la trama lo m\u00e1s perpendicularmente posible. Esto hace que la superficie de la tela sea uniforme incluso en ambos lados.<br \/>\n<span style=\"color: #0d5e73;\"><strong>Materiales de alta calidad:<\/strong><\/span> Los telares de mesa Yasmina est\u00e1n hechos principalmente de madera de haya seca, pero se puede usar madera de roble seca a pedido. El acero inoxidable se utiliza para hacer los ejes, los engranajes del trinquete y el propio trinquete. Los engranajes de acero inoxidable hacen posible la alta tensi\u00f3n, lo que permite al tejedor producir telas especiales.<br \/>\n<span style=\"color: #0d5e73;\"><strong>Una obra de arte en tu casa:<\/strong><\/span> Los telares de Yasmina son duraderos para el uso a largo plazo debido a su fabricaci\u00f3n magistral con materiales de alta calidad. Adem\u00e1s, teniendo en cuenta la est\u00e9tica en el dise\u00f1o del telar Yasmina, es una obra de arte que agrega un hermoso toque art\u00edstico a tu casa.<br \/>\n<span style=\"color: #0d5e73;\"><strong>Excelente acabado:<\/strong><\/span> La madera est\u00e1 aislada con una capa de un material especial y lacas adecuadas.<br \/>\n<strong><span style=\"color: #0d5e73;\">Varios archivos adjuntos:<\/span><\/strong> Se pueden unir partes adicionales al telar; Puedes consultarlos en la tienda del sitio web.<\/p>","protected":false},"excerpt":{"rendered":"<p>Los telares de mesa se utilizan principalmente para fines educativos y de capacitaci\u00f3n, sin embargo, se pueden usar de manera efectiva para la producci\u00f3n general. El telar de mesa Shaaraf Yasmina es su elecci\u00f3n perfecta si necesita aprender a tejer desde una perspectiva profesional e incluso tener un buen tejido que pueda competir en el mercado textil.<br \/>\nF\u00e1cil de usar, incluso los ni\u00f1os pueden tejer! Port\u00e1til incluso con tela en \u00e9l! Hay varias selecciones disponibles para que pueda tener un telar de mesa personalizado seg\u00fan sus necesidades.<br \/>\nCon el telar de mesa Yasmina, obtenga diversos textiles con telas uniformes en un telar con excelentes acabados y materiales de alta calidad. Se pueden colocar m\u00faltiples accesorios f\u00e1cilmente para que pueda tener la experiencia de tejido perfecta que desea.<br \/>\nConsulte las pesta\u00f1as a continuaci\u00f3n para obtener m\u00e1s informaci\u00f3n.<\/p>\n","protected":false},"featured_media":5114,"template":"","meta":{"bgseo_title":"","bgseo_description":"","bgseo_robots_index":"index","bgseo_robots_follow":"follow"},"product_brand":[],"product_cat":[304],"product_tag":[112,38,111,114,34,113],"class_list":{"0":"post-981","1":"product","2":"type-product","3":"status-publish","4":"has-post-thumbnail","6":"product_cat-multi-shaft-looms","7":"product_tag-education","8":"product_tag-loom","9":"product_tag-table","10":"product_tag-training","11":"product_tag-weaving","12":"product_tag-yasmina","14":"first","15":"instock","16":"featured","17":"shipping-taxable","18":"purchasable","19":"product-type-variable"},"_links":{"self":[{"href":"https:\/\/shaaraf.com\/es\/wp-json\/wp\/v2\/product\/981","targetHints":{"allow":["GET"]}}],"collection":[{"href":"https:\/\/shaaraf.com\/es\/wp-json\/wp\/v2\/product"}],"about":[{"href":"https:\/\/shaaraf.com\/es\/wp-json\/wp\/v2\/types\/product"}],"wp:featuredmedia":[{"embeddable":true,"href":"https:\/\/shaaraf.com\/es\/wp-json\/wp\/v2\/media\/5114"}],"wp:attachment":[{"href":"https:\/\/shaaraf.com\/es\/wp-json\/wp\/v2\/media?parent=981"}],"wp:term":[{"taxonomy":"product_brand","embeddable":true,"href":"https:\/\/shaaraf.com\/es\/wp-json\/wp\/v2\/product_brand?post=981"},{"taxonomy":"product_cat","embeddable":true,"href":"https:\/\/shaaraf.com\/es\/wp-json\/wp\/v2\/product_cat?post=981"},{"taxonomy":"product_tag","embeddable":true,"href":"https:\/\/shaaraf.com\/es\/wp-json\/wp\/v2\/product_tag?post=981"}],"curies":[{"name":"wp","href":"https:\/\/api.w.org\/{rel}","templated":true}]}}