{"id":916,"date":"2018-07-03T19:44:52","date_gmt":"2018-07-03T19:44:52","guid":{"rendered":"https:\/\/shaaraf.com\/?post_type=product&#038;p=916"},"modified":"2023-11-29T20:38:56","modified_gmt":"2023-11-29T20:38:56","slug":"inkle-loom","status":"publish","type":"product","link":"https:\/\/shaaraf.com\/es\/product\/inkle-loom\/","title":{"rendered":"Telar de Inkle"},"content":{"rendered":"<p><\/p>\n<div class=\"boldgrid-section\">\n<div class=\"container\">\n<div class=\"row\">\n<div class=\"col-lg-12 col-md-12 col-xs-12 col-sm-12\">\n<p>El telar de inkle es la versi\u00f3n b\u00e1sica en el conjunto de telares de inkle de Shaaraf. En los telares de inkle, hay monturas fijas que mantienen algunos de los hilos de urdimbre en su lugar. El cobertizo se crea subiendo o bajando el conjunto de hilos que no est\u00e1 conectado al lizo.<\/p>\n<p class=\"\">El telar de inkle de Shaaraf le permite tener bandas, trenzas y cintas fuertes de alta calidad de su propio dise\u00f1o. Este telar se puede utilizar de manera eficiente en la producci\u00f3n profesional de tobillos vers\u00e1tiles que se pueden usar en la ropa en forma de cinturones, correas de bolsos, cordones de zapatos, pulseras, adornos en la ropa,..etc. Tambi\u00e9n se utilizan en muebles como adornos para sillas, cortinas y alfombras. Adem\u00e1s, se pueden utilizar individualmente como bandas para cortinas y tapices. Adem\u00e1s, se pueden utilizar en el campo industrial como cinturones de seguridad.<\/p>\n<p class=\"\">El telar de inkle de Shaaraf se puede usar de manera eficiente en el tejido al sadu, que se distingue por sus patrones especiales y versatilidad, especialmente en los pa\u00edses \u00e1rabes.<\/p>\n<p>Tambi\u00e9n se puede usar en el tejido de cartas para obtener inkles especiales cuyos patrones pueden ser tan \u00fanicos que no pueden ser implementados por equipos de tejido mec\u00e1nico.<\/p>\n<p>El telar de inkle de Shaaraf se caracteriza por ser port\u00e1til. Adem\u00e1s, es divertido y f\u00e1cil de usar; incluso los ni\u00f1os pueden usarlo para tejer sus propios accesorios y ciertamente tambi\u00e9n se puede usar en la producci\u00f3n profesional de artesanos y artesanas.<\/p>\n<p class=\"\"><span style=\"color: #0d5e74;\"><strong> Propiedades generales:<\/strong><\/span><\/p>\n<p class=\"\">&#8211; M\u00e1x. ancho de urdimbre: 12 cm (4.7&#8243;)<\/p>\n<p>&#8211; M\u00e1x. longitud de urdimbre: 2.5 m (98.4&#8243;).<\/p>\n<p>&#8211; No.de clavijas: 9, una de las cuales es la clavija de tensi\u00f3n ajustable.<\/p>\n<p><strong><span style=\"color: #0d5e74;\"> Accesorios incluidos gratuitos:<\/span><\/strong><\/p>\n<p>&#8211; una lanzadera especial para usar con el telar.<\/p>\n<p>&#8211; una clavija especial separada para facilitar el tejido de tarjetas (se puede instalar o quitar).<\/p>\n<p>&#8211; 25 tarjetas.<\/p>\n<p><strong><span style=\"color: #0d5e74;\">Propiedades de fabricaci\u00f3n:<\/span><\/strong><\/p>\n<p>&#8211; Estructura duradera y robusta.<\/p>\n<p>&#8211; Desmontado (las instrucciones de montaje est\u00e1n disponibles).<\/p>\n<p class=\"\">&#8211; Peso: 4 Kg.<\/p>\n<p class=\"\">&#8211; Materiales: Madera de haya seca.<\/p>\n<p class=\"\">&#8211; Acabado aislante y laca de nitrocelulosa.<\/p>\n<p><strong><span style=\"color: #0d5e74;\"> Formaci\u00f3n:<\/span><\/strong> un curso de formaci\u00f3n completo es proporcionado por nosotros en l\u00ednea.<\/p>\n<\/div>\n<\/div>\n<\/div>\n<\/div>\n<p><\/p>","protected":false},"excerpt":{"rendered":"<p>Con el telar de inkle de Shaaraf, obtenga bandas fuertes de alta calidad, trenzas y cintas de su propio dise\u00f1o que puede usar de manera eficiente como cinturones, correas de bolsos, cordones de zapatos, pulseras, adornos en la ropa,..etc, o como adorno en mobiliario o incluso en el \u00e1mbito industrial como cinturones de seguridad.<br \/>\nPuede utilizar este telar eficientemente el telar en el tejido especial de Al Sadu, as\u00ed como en el tejido de cartas para obtener inkles excepcionales.<br \/>\nEste telar se caracteriza por ser port\u00e1til, divertido y f\u00e1cil de usar; incluso los ni\u00f1os pueden usarlo para tejer sus propios accesorios y ciertamente tambi\u00e9n se puede usar en la producci\u00f3n profesional de artesanos y artesanas.<br \/>\nPara obtener m\u00e1s informaci\u00f3n sobre el telar y sus usos, consulte la pesta\u00f1a &#8216;informaci\u00f3n detallada&#8217; a continuaci\u00f3n.<\/p>\n","protected":false},"featured_media":4508,"template":"","meta":{"bgseo_title":"","bgseo_description":"","bgseo_robots_index":"index","bgseo_robots_follow":"follow"},"product_brand":[],"product_cat":[184],"product_tag":[39,37,38,36,34],"class_list":{"0":"post-916","1":"product","2":"type-product","3":"status-publish","4":"has-post-thumbnail","6":"product_cat-inkle-looms","7":"product_tag-card","8":"product_tag-inkle","9":"product_tag-loom","10":"product_tag-shaaraf","11":"product_tag-weaving","13":"first","14":"instock","15":"featured","16":"purchasable","17":"product-type-simple"},"_links":{"self":[{"href":"https:\/\/shaaraf.com\/es\/wp-json\/wp\/v2\/product\/916","targetHints":{"allow":["GET"]}}],"collection":[{"href":"https:\/\/shaaraf.com\/es\/wp-json\/wp\/v2\/product"}],"about":[{"href":"https:\/\/shaaraf.com\/es\/wp-json\/wp\/v2\/types\/product"}],"wp:featuredmedia":[{"embeddable":true,"href":"https:\/\/shaaraf.com\/es\/wp-json\/wp\/v2\/media\/4508"}],"wp:attachment":[{"href":"https:\/\/shaaraf.com\/es\/wp-json\/wp\/v2\/media?parent=916"}],"wp:term":[{"taxonomy":"product_brand","embeddable":true,"href":"https:\/\/shaaraf.com\/es\/wp-json\/wp\/v2\/product_brand?post=916"},{"taxonomy":"product_cat","embeddable":true,"href":"https:\/\/shaaraf.com\/es\/wp-json\/wp\/v2\/product_cat?post=916"},{"taxonomy":"product_tag","embeddable":true,"href":"https:\/\/shaaraf.com\/es\/wp-json\/wp\/v2\/product_tag?post=916"}],"curies":[{"name":"wp","href":"https:\/\/api.w.org\/{rel}","templated":true}]}}