{"id":4672,"date":"2023-02-21T01:29:48","date_gmt":"2023-02-21T01:29:48","guid":{"rendered":"https:\/\/shaaraf.com\/?post_type=product&#038;p=4672"},"modified":"2025-04-21T19:33:09","modified_gmt":"2025-04-21T19:33:09","slug":"tabletop-tapestry-loom","status":"publish","type":"product","link":"https:\/\/shaaraf.com\/es\/product\/tabletop-tapestry-loom\/","title":{"rendered":"Telar de Tapices de Mesa"},"content":{"rendered":"<p><\/p>\n<div class=\"boldgrid-section\">\n<div class=\"container\">\n<div class=\"row\">\n<div class=\"col-lg-12 col-md-12 col-xs-12 col-sm-12\">\n<p>Los telares de tapicer\u00eda son sencillos y populares, y el telar de sobremesa satisface las necesidades de los profesionales, ya que ahorra espacio y permite realizar tapices de gran tama\u00f1o. Est\u00e1 disponible en dos anchos de tejido: 100 cm (39,3&#8243;) y 120 cm (47,2&#8243;), y su longitud puede alcanzar los 250 cm (98,4&#8243;). Sin embargo, requiere poco espacio en comparaci\u00f3n con sus capacidades.<\/p>\n<p>Adem\u00e1s, el telar de sobremesa se caracteriza por sus elementos de ajuste de tensi\u00f3n y la capacidad de trabajar con tapices de diferentes densidades de urdimbre. Adem\u00e1s, cuenta con un elemento de apertura de calada que facilita el tejido.<\/p>\n<\/div>\n<\/div>\n<\/div>\n<\/div>\n<p><\/p>","protected":false},"excerpt":{"rendered":"<p class=\"qtranxs-available-languages-message qtranxs-available-languages-message-es\">Disculpa, pero esta entrada est\u00e1 disponible s\u00f3lo en <a href=\"https:\/\/shaaraf.com\/en\/wp-json\/wp\/v2\/product\/4672\" class=\"qtranxs-available-language-link qtranxs-available-language-link-en\" title=\"English\">English<\/a> y <a href=\"https:\/\/shaaraf.com\/ar\/wp-json\/wp\/v2\/product\/4672\" class=\"qtranxs-available-language-link qtranxs-available-language-link-ar\" title=\"\u0627\u0644\u0639\u0631\u0628\u064a\u0629\">\u0627\u0644\u0639\u0631\u0628\u064a\u0629<\/a>.<\/p>\n","protected":false},"featured_media":1273,"template":"","meta":{"bgseo_title":"","bgseo_description":"","bgseo_robots_index":"index","bgseo_robots_follow":"follow"},"product_brand":[],"product_cat":[187],"product_tag":[],"class_list":{"0":"post-4672","1":"product","2":"type-product","3":"status-publish","4":"has-post-thumbnail","6":"product_cat-tapestry-looms","8":"first","9":"instock","10":"shipping-taxable","11":"purchasable","12":"product-type-variable"},"_links":{"self":[{"href":"https:\/\/shaaraf.com\/es\/wp-json\/wp\/v2\/product\/4672","targetHints":{"allow":["GET"]}}],"collection":[{"href":"https:\/\/shaaraf.com\/es\/wp-json\/wp\/v2\/product"}],"about":[{"href":"https:\/\/shaaraf.com\/es\/wp-json\/wp\/v2\/types\/product"}],"wp:featuredmedia":[{"embeddable":true,"href":"https:\/\/shaaraf.com\/es\/wp-json\/wp\/v2\/media\/1273"}],"wp:attachment":[{"href":"https:\/\/shaaraf.com\/es\/wp-json\/wp\/v2\/media?parent=4672"}],"wp:term":[{"taxonomy":"product_brand","embeddable":true,"href":"https:\/\/shaaraf.com\/es\/wp-json\/wp\/v2\/product_brand?post=4672"},{"taxonomy":"product_cat","embeddable":true,"href":"https:\/\/shaaraf.com\/es\/wp-json\/wp\/v2\/product_cat?post=4672"},{"taxonomy":"product_tag","embeddable":true,"href":"https:\/\/shaaraf.com\/es\/wp-json\/wp\/v2\/product_tag?post=4672"}],"curies":[{"name":"wp","href":"https:\/\/api.w.org\/{rel}","templated":true}]}}