{"id":4669,"date":"2023-02-21T01:12:04","date_gmt":"2023-02-21T01:12:04","guid":{"rendered":"https:\/\/shaaraf.com\/?post_type=product&#038;p=4669"},"modified":"2023-12-02T15:17:49","modified_gmt":"2023-12-02T15:17:49","slug":"al-sadu-loom","status":"publish","type":"product","link":"https:\/\/shaaraf.com\/es\/product\/al-sadu-loom\/","title":{"rendered":"Telar de Al-Sadu"},"content":{"rendered":"<p><\/p>\n<div class=\"boldgrid-section\">\n<div class=\"container\">\n<div class=\"row\">\n<div class=\"col-lg-12 col-md-12 col-xs-12 col-sm-12\">\n<p class=\"\">El telar Al-Sadu es un telar de tinta especialmente dise\u00f1ado para tejer el distintivo textil Al-Sadu por el que son famosos algunos pa\u00edses \u00e1rabes.<\/p>\n<p class=\"\">Los anchos de urdimbre de nuestro telar al-sadu son: 25 cm (9,8&#8243;), 40 cm (15,7&#8243;), 60 cm (23,6&#8243;) y 80 cm (31,5&#8243;).<\/p>\n<p class=\"\">Sin embargo, hemos construido un telar al-sadu especialmente dise\u00f1ado con dimensiones especiales para el Ministerio de Cultura saudita, que particip\u00f3 con \u00e9l en la Exposici\u00f3n de la Bienal de Dise\u00f1o de Londres 2023 en Somerset House en Londres.<\/p>\n<\/div>\n<\/div>\n<\/div>\n<\/div>\n<p><\/p>","protected":false},"excerpt":{"rendered":"<p>El telar Al-Sadu es un telar de tinta especialmente dise\u00f1ado para tejer el distintivo textil Al-Sadu por el que son famosos algunos pa\u00edses \u00e1rabes.<\/p>\n","protected":false},"featured_media":4670,"template":"","meta":{"bgseo_title":"","bgseo_description":"","bgseo_robots_index":"index","bgseo_robots_follow":"follow"},"product_brand":[],"product_cat":[184],"product_tag":[],"class_list":{"0":"post-4669","1":"product","2":"type-product","3":"status-publish","4":"has-post-thumbnail","6":"product_cat-inkle-looms","8":"first","9":"instock","10":"shipping-taxable","11":"purchasable","12":"product-type-variable"},"_links":{"self":[{"href":"https:\/\/shaaraf.com\/es\/wp-json\/wp\/v2\/product\/4669","targetHints":{"allow":["GET"]}}],"collection":[{"href":"https:\/\/shaaraf.com\/es\/wp-json\/wp\/v2\/product"}],"about":[{"href":"https:\/\/shaaraf.com\/es\/wp-json\/wp\/v2\/types\/product"}],"wp:featuredmedia":[{"embeddable":true,"href":"https:\/\/shaaraf.com\/es\/wp-json\/wp\/v2\/media\/4670"}],"wp:attachment":[{"href":"https:\/\/shaaraf.com\/es\/wp-json\/wp\/v2\/media?parent=4669"}],"wp:term":[{"taxonomy":"product_brand","embeddable":true,"href":"https:\/\/shaaraf.com\/es\/wp-json\/wp\/v2\/product_brand?post=4669"},{"taxonomy":"product_cat","embeddable":true,"href":"https:\/\/shaaraf.com\/es\/wp-json\/wp\/v2\/product_cat?post=4669"},{"taxonomy":"product_tag","embeddable":true,"href":"https:\/\/shaaraf.com\/es\/wp-json\/wp\/v2\/product_tag?post=4669"}],"curies":[{"name":"wp","href":"https:\/\/api.w.org\/{rel}","templated":true}]}}