{"id":4312,"date":"2022-05-14T21:41:35","date_gmt":"2022-05-14T21:41:35","guid":{"rendered":"https:\/\/shaaraf.com\/?post_type=product&#038;p=4312"},"modified":"2023-11-29T21:08:36","modified_gmt":"2023-11-29T21:08:36","slug":"wide-definite-length-inkle-loom","status":"publish","type":"product","link":"https:\/\/shaaraf.com\/es\/product\/wide-definite-length-inkle-loom\/","title":{"rendered":"El Amplio Telar de Inkle de Longitud Definida"},"content":{"rendered":"<p><span>El amplio telar de inkle de longitud definida de Shaaraf le permite tener bandas, trenzas y cintas fuertes de alta calidad de su propio dise\u00f1o con anchos de hasta 25 cm (9.8&#8243;) y longitudes de hasta 2.5 m (98.4&#8243;). Este telar se puede utilizar de manera eficiente en la producci\u00f3n profesional de inkles vers\u00e1tiles que se pueden usar en ropa en forma de cinturones, correas de bolsa, cordones de zapatos, pulseras, adornos en la ropa,..etc. Tambi\u00e9n se utilizan en muebles como adornos para sillas, cortinas y alfombras.Adem\u00e1s, se pueden utilizar individualmente como bandas para cortinas y tapices.Adem\u00e1s, se pueden utilizar en el campo industrial como cinturones de seguridad. <\/span><\/p>\n<p><span>El amplio telar de inkle de longitud definida se puede usar de manera eficiente en el tejido de Al Sadu, que se distingue por sus patrones especiales y versatilidad, especialmente en los pa\u00edses \u00e1rabes.<\/span><\/p>\n<p><span> Tambi\u00e9n se puede utilizar en el tejido de cartas para obtener inkles especiales cuyos patrones pueden ser tan \u00fanicos que no pueden ser implementados por equipos de tejido mec\u00e1nico. <\/span><\/p>\n<p><span style=\"color: #0d5e73;\"><strong>Propiedades generales:<\/strong><\/span><\/p>\n<p><span>&#8211;<\/span><span> M\u00e1x.ancho de urdimbre: 25 cm (9.8&#8243;)<\/span><\/p>\n<p><span>&#8211; M\u00e1x. longitud de urdimbre: 2.5 m (98.4&#8243;).<\/span><\/p>\n<p><span>&#8211; No.de clavijas: 9, una de las cuales es la clavija de tensi\u00f3n ajustable.<\/span><\/p>\n<p><strong><span style=\"color: #0d5e73;\"> Accesorios incluidos gratuitos:<\/span><\/strong><\/p>\n<p>&#8211; una lanzadera\u00a0 especial para usar con el telar.<\/p>\n<p><strong><span style=\"color: #0d5e73;\">Propiedades de fabricaci\u00f3n:<\/span><\/strong><\/p>\n<p><span>&#8211; Estructura duradera y robusta.<\/span><\/p>\n<p><span>&#8211; Desmontado (las instrucciones de montaje est\u00e1n disponibles)<\/span><\/p>\n<p><span>&#8211; Peso: 4 Kg.<\/span><\/p>\n<p><span>&#8211;<\/span>Materiales: Madera de haya, contrachapado finland\u00e9s y acero inoxidable.<\/p>\n<p>&#8211; Acabado aislante y laca de nitrocelulosa.<\/p>\n<p><strong><span style=\"color: #0d5e73;\"> Formaci\u00f3n<\/span><\/strong>: un curso de formaci\u00f3n completo es proporcionado por nosotros en l\u00ednea.<\/p>","protected":false},"excerpt":{"rendered":"<p><span>Con el amplio telar de inkle de longitud definida de Shaaraf, obtenga bandas, trenzas y cintas fuertes de alta calidad de su propio dise\u00f1o con anchos de hasta 25 cm (9.8&#8243;) y longitudes de hasta 2.5 m (98.4&#8243;) que puede usar de manera eficiente como cinturones, correas de bolsos, cordones de zapatos, pulseras, adornos en la ropa,..etc, o como adorno en mobiliario o incluso en el \u00e1mbito industrial como cinturones de seguridad.<br \/>\nPuede utilizar este telar eficientemente el telar en el tejido especial de Al Sadu, as\u00ed como en el tejido de cartas para obtener inkles excepcionales.<br \/>\n<\/span>Para obtener m\u00e1s informaci\u00f3n sobre el telar y sus usos, consulte la pesta\u00f1a \u2018informaci\u00f3n detallada\u2019 a continuaci\u00f3n.<\/p>\n","protected":false},"featured_media":4515,"template":"","meta":{"bgseo_title":"","bgseo_description":"","bgseo_robots_index":"index","bgseo_robots_follow":"follow"},"product_brand":[],"product_cat":[184],"product_tag":[],"class_list":{"0":"post-4312","1":"product","2":"type-product","3":"status-publish","4":"has-post-thumbnail","6":"product_cat-inkle-looms","8":"first","9":"instock","10":"shipping-taxable","11":"purchasable","12":"product-type-simple"},"_links":{"self":[{"href":"https:\/\/shaaraf.com\/es\/wp-json\/wp\/v2\/product\/4312","targetHints":{"allow":["GET"]}}],"collection":[{"href":"https:\/\/shaaraf.com\/es\/wp-json\/wp\/v2\/product"}],"about":[{"href":"https:\/\/shaaraf.com\/es\/wp-json\/wp\/v2\/types\/product"}],"wp:featuredmedia":[{"embeddable":true,"href":"https:\/\/shaaraf.com\/es\/wp-json\/wp\/v2\/media\/4515"}],"wp:attachment":[{"href":"https:\/\/shaaraf.com\/es\/wp-json\/wp\/v2\/media?parent=4312"}],"wp:term":[{"taxonomy":"product_brand","embeddable":true,"href":"https:\/\/shaaraf.com\/es\/wp-json\/wp\/v2\/product_brand?post=4312"},{"taxonomy":"product_cat","embeddable":true,"href":"https:\/\/shaaraf.com\/es\/wp-json\/wp\/v2\/product_cat?post=4312"},{"taxonomy":"product_tag","embeddable":true,"href":"https:\/\/shaaraf.com\/es\/wp-json\/wp\/v2\/product_tag?post=4312"}],"curies":[{"name":"wp","href":"https:\/\/api.w.org\/{rel}","templated":true}]}}