{"id":4249,"date":"2021-10-12T22:48:51","date_gmt":"2021-10-12T22:48:51","guid":{"rendered":"https:\/\/shaaraf.com\/?post_type=product&#038;p=4249"},"modified":"2025-04-21T18:03:23","modified_gmt":"2025-04-21T18:03:23","slug":"small-tapestry-loom","status":"publish","type":"product","link":"https:\/\/shaaraf.com\/es\/product\/small-tapestry-loom\/","title":{"rendered":"Telar de Marco"},"content":{"rendered":"<p><\/p>\n<div class=\"boldgrid-section\">\n<div class=\"container\">\n<div class=\"row\">\n<div class=\"col-lg-12 col-md-12 col-xs-12 col-sm-12\">\n<p>El telar de tapices peque\u00f1o (marco) puede ser utilizado por personas de todas las edades para tejer tapices. Se caracteriza por ser f\u00e1cil de preparar y aprender. Adem\u00e1s, se puede llevar a todas partes (port\u00e1til) y adem\u00e1s tiene un precio muy asequible.<\/p>\n<\/div>\n<\/div>\n<\/div>\n<\/div>\n<p><\/p>","protected":false},"excerpt":{"rendered":"<p>El telar de tapices peque\u00f1o (marco) puede ser utilizado por personas de todas las edades para tejer tapices. Se caracteriza por ser f\u00e1cil de preparar y aprender. Adem\u00e1s, se puede llevar a todas partes (port\u00e1til) y adem\u00e1s tiene un precio muy asequible.<\/p>\n","protected":false},"featured_media":4250,"template":"","meta":{"bgseo_title":"","bgseo_description":"","bgseo_robots_index":"index","bgseo_robots_follow":"follow"},"product_brand":[],"product_cat":[187],"product_tag":[],"class_list":{"0":"post-4249","1":"product","2":"type-product","3":"status-publish","4":"has-post-thumbnail","6":"product_cat-tapestry-looms","8":"first","9":"instock","10":"shipping-taxable","11":"purchasable","12":"product-type-variable"},"_links":{"self":[{"href":"https:\/\/shaaraf.com\/es\/wp-json\/wp\/v2\/product\/4249","targetHints":{"allow":["GET"]}}],"collection":[{"href":"https:\/\/shaaraf.com\/es\/wp-json\/wp\/v2\/product"}],"about":[{"href":"https:\/\/shaaraf.com\/es\/wp-json\/wp\/v2\/types\/product"}],"wp:featuredmedia":[{"embeddable":true,"href":"https:\/\/shaaraf.com\/es\/wp-json\/wp\/v2\/media\/4250"}],"wp:attachment":[{"href":"https:\/\/shaaraf.com\/es\/wp-json\/wp\/v2\/media?parent=4249"}],"wp:term":[{"taxonomy":"product_brand","embeddable":true,"href":"https:\/\/shaaraf.com\/es\/wp-json\/wp\/v2\/product_brand?post=4249"},{"taxonomy":"product_cat","embeddable":true,"href":"https:\/\/shaaraf.com\/es\/wp-json\/wp\/v2\/product_cat?post=4249"},{"taxonomy":"product_tag","embeddable":true,"href":"https:\/\/shaaraf.com\/es\/wp-json\/wp\/v2\/product_tag?post=4249"}],"curies":[{"name":"wp","href":"https:\/\/api.w.org\/{rel}","templated":true}]}}