{"id":4247,"date":"2021-10-12T22:44:53","date_gmt":"2021-10-12T22:44:53","guid":{"rendered":"https:\/\/shaaraf.com\/?post_type=product&#038;p=4247"},"modified":"2024-04-17T20:34:48","modified_gmt":"2024-04-17T20:34:48","slug":"lightweight-rigid-heddle-loom","status":"publish","type":"product","link":"https:\/\/shaaraf.com\/es\/product\/lightweight-rigid-heddle-loom\/","title":{"rendered":"Telar ligero de Lizo R\u00edgido"},"content":{"rendered":"<p><\/p>\n<div class=\"boldgrid-section\">\n<div class=\"container\">\n<div class=\"row\">\n<div class=\"col-lg-12 col-md-12 col-xs-12 col-sm-12\">\n<p>Disfrute tejiendo sus propias telas especiales a un precio asequible con nuestro telar de lizo r\u00edgido y liviano. Es muy conveniente para principiantes y aficionados. Se puede utilizar para tejer bufandas, chales, toallas, o tejidos utilizados en la confecci\u00f3n de ropa o fundas de almohadas, etc.<\/p>\n<p>Est\u00e1 disponible con 2 anchos de tejido: 25 cm (9,8&#8243;) y 40 cm (15,7&#8243;).<\/p>\n<p>Adjunta al telar hay una ca\u00f1a que le otorga 2 ejes al telar; Se puede instalar una ca\u00f1a adicional para aumentar el n\u00famero de ejes a 3 o 4, si es necesario. Est\u00e1n disponibles ca\u00f1as de 2, 3, 4, 5, 6, 7 u 8 dientes por cm; esto permite utilizar hilos de diferentes densidades.<\/p>\n<\/div>\n<\/div>\n<\/div>\n<\/div>\n<p><\/p>","protected":false},"excerpt":{"rendered":"<p>Disfrute tejiendo sus propias telas especiales a un precio asequible con nuestro telar de lizo r\u00edgido y liviano. Es muy conveniente para principiantes y aficionados. Se puede utilizar para tejer bufandas, chales, toallas, o tejidos utilizados en la confecci\u00f3n de ropa o fundas de almohadas, etc.<\/p>\n<p>Adjunta al telar hay una ca\u00f1a que le otorga 2 ejes al telar; Se puede instalar una ca\u00f1a adicional para aumentar el n\u00famero de ejes a 3 o 4, si es necesario. Est\u00e1n disponibles ca\u00f1as de 2, 3, 4, 5, 6, 7 u 8 dientes por cm; esto permite utilizar hilos de diferentes densidades.<\/p>\n","protected":false},"featured_media":4248,"template":"","meta":{"bgseo_title":"","bgseo_description":"","bgseo_robots_index":"index","bgseo_robots_follow":"follow"},"product_brand":[],"product_cat":[185],"product_tag":[],"class_list":{"0":"post-4247","1":"product","2":"type-product","3":"status-publish","4":"has-post-thumbnail","6":"product_cat-rigid-heddle-looms","8":"first","9":"instock","10":"shipping-taxable","11":"purchasable","12":"product-type-variable"},"_links":{"self":[{"href":"https:\/\/shaaraf.com\/es\/wp-json\/wp\/v2\/product\/4247","targetHints":{"allow":["GET"]}}],"collection":[{"href":"https:\/\/shaaraf.com\/es\/wp-json\/wp\/v2\/product"}],"about":[{"href":"https:\/\/shaaraf.com\/es\/wp-json\/wp\/v2\/types\/product"}],"wp:featuredmedia":[{"embeddable":true,"href":"https:\/\/shaaraf.com\/es\/wp-json\/wp\/v2\/media\/4248"}],"wp:attachment":[{"href":"https:\/\/shaaraf.com\/es\/wp-json\/wp\/v2\/media?parent=4247"}],"wp:term":[{"taxonomy":"product_brand","embeddable":true,"href":"https:\/\/shaaraf.com\/es\/wp-json\/wp\/v2\/product_brand?post=4247"},{"taxonomy":"product_cat","embeddable":true,"href":"https:\/\/shaaraf.com\/es\/wp-json\/wp\/v2\/product_cat?post=4247"},{"taxonomy":"product_tag","embeddable":true,"href":"https:\/\/shaaraf.com\/es\/wp-json\/wp\/v2\/product_tag?post=4247"}],"curies":[{"name":"wp","href":"https:\/\/api.w.org\/{rel}","templated":true}]}}