{"id":4241,"date":"2021-10-12T22:39:47","date_gmt":"2021-10-12T22:39:47","guid":{"rendered":"https:\/\/shaaraf.com\/?post_type=product&#038;p=4241"},"modified":"2023-11-29T21:01:33","modified_gmt":"2023-11-29T21:01:33","slug":"long-inkle-loom","status":"publish","type":"product","link":"https:\/\/shaaraf.com\/es\/product\/long-inkle-loom\/","title":{"rendered":"Telar de Inkle Largo"},"content":{"rendered":"<p><\/p>\n<div class=\"boldgrid-section\">\n<div class=\"container\">\n<div class=\"row\">\n<div class=\"col-lg-12 col-md-12 col-xs-12 col-sm-12\">\n<p class=\"\">El telar de inkle largo de Shaaraf &nbsp;le permite tener bandas fuertes de alta calidad, trenzas y cintas de tu propio dise\u00f1o con grandes longitudes de hasta 15 m (590&#8243;). Este telar se puede utilizar de manera eficiente, especialmente en la producci\u00f3n en masa profesional de inkles vers\u00e1tiles que se pueden usar en ropa en forma de cinturones, correas de bolsa, cordones de zapatos, pulseras, adornos en la ropa,..etc. Tambi\u00e9n se utilizan en muebles como adornos para sillas, cortinas y alfombras. Adem\u00e1s, se pueden utilizar individualmente como bandas para cortinas y tapices. Adem\u00e1s, se pueden utilizar en el campo industrial como cinturones de seguridad.<\/p>\n<p class=\"\">El telar de inkle largo se puede utilizar de manera eficiente en el tejido de Al Sadu, que se distingue por sus patrones especiales y versatilidad, especialmente en los pa\u00edses \u00e1rabes.<\/p>\n<p class=\"\">Tambi\u00e9n se puede utilizar en el tejido de cartas para obtener inkles especiales cuyos patrones pueden ser tan \u00fanicos que no pueden ser implementados por equipos de tejido mec\u00e1nico.<\/p>\n<p><strong><span style=\"color: #0d5e73;\">Propiedades generales:<\/span><\/strong><\/p>\n<p class=\"\">&#8211; M\u00e1x. ancho de urdimbre: 12 cm (4.7&#8243;).<\/p>\n<p class=\"\">&#8211; Max. longitud de urdimbre: 16 m (630&#8243;).<\/p>\n<p>&#8211; No. de clavijas: 29, una de las cuales es la clavija de tensi\u00f3n ajustable.<\/p>\n<p class=\"\"><strong><span style=\"color: #0d5e73;\">Accesorios incluidos gratuitos:<\/span><\/strong><\/p>\n<p>&#8211; una lanzadera&nbsp; especial para usar con el telar.<\/p>\n<p class=\"\"><span style=\"color: #0d5e73;\"><strong>&nbsp;Propiedades de fabricaci\u00f3n:<\/strong><\/span><\/p>\n<p>&#8211; Estructura duradera y robusta.<\/p>\n<p class=\"\">&#8211; Desmontado (las instrucciones de montaje est\u00e1n disponibles).<\/p>\n<p>&#8211; Peso: 8 Kg.<\/p>\n<p>&#8211; Materiales: Madera de haya seca.<\/p>\n<p>&#8211; Acabado aislante y laca de nitrocelulosa.<\/p>\n<\/div>\n<\/div>\n<\/div>\n<\/div>\n<div class=\"boldgrid-section\">\n<div class=\"container\">\n<div class=\"row\">\n<div class=\"col-lg-12 col-md-12 col-xs-12 col-sm-12\">\n<p><strong><span style=\"color: #0d5e73;\">Formaci\u00f3n:<\/span><\/strong>: un curso de formaci\u00f3n completo es proporcionado por nosotros en l\u00ednea.<\/p>\n<\/div>\n<\/div>\n<\/div>\n<\/div>\n<p><\/p>","protected":false},"excerpt":{"rendered":"<p>Con el telar de inkle largo de Shaaraf, consigue tener bandas fuertes de alta calidad, trenzas y cintas de tu propio dise\u00f1o con grandes longitudes de hasta 15 m (590&#8243;). El telar de inkle largo de Shaaraf se puede utilizar de manera eficiente, especialmente en la producci\u00f3n en masa profesional de inkles vers\u00e1tiles que se pueden usar en ropa en forma de cinturones, correas de bolsa, cordones de zapatos, pulseras, adornos en la ropa,..etc, o como adorno en mobiliario o incluso en el \u00e1mbito industrial como cinturones de seguridad.<br \/>\nPuede usar este telar de manera eficiente en el tejido especial de Al Sadu, as\u00ed como en el tejido de cartas para obtener inkles excepcionales.<br \/>\nPara obtener m\u00e1s informaci\u00f3n sobre el telar y sus usos, consulte la pesta\u00f1a &#8216;informaci\u00f3n detallada&#8217; a continuaci\u00f3n.<\/p>\n","protected":false},"featured_media":4513,"template":"","meta":{"bgseo_title":"","bgseo_description":"","bgseo_robots_index":"index","bgseo_robots_follow":"follow"},"product_brand":[],"product_cat":[184],"product_tag":[],"class_list":{"0":"post-4241","1":"product","2":"type-product","3":"status-publish","4":"has-post-thumbnail","6":"product_cat-inkle-looms","8":"first","9":"instock","10":"shipping-taxable","11":"purchasable","12":"product-type-simple"},"_links":{"self":[{"href":"https:\/\/shaaraf.com\/es\/wp-json\/wp\/v2\/product\/4241","targetHints":{"allow":["GET"]}}],"collection":[{"href":"https:\/\/shaaraf.com\/es\/wp-json\/wp\/v2\/product"}],"about":[{"href":"https:\/\/shaaraf.com\/es\/wp-json\/wp\/v2\/types\/product"}],"wp:featuredmedia":[{"embeddable":true,"href":"https:\/\/shaaraf.com\/es\/wp-json\/wp\/v2\/media\/4513"}],"wp:attachment":[{"href":"https:\/\/shaaraf.com\/es\/wp-json\/wp\/v2\/media?parent=4241"}],"wp:term":[{"taxonomy":"product_brand","embeddable":true,"href":"https:\/\/shaaraf.com\/es\/wp-json\/wp\/v2\/product_brand?post=4241"},{"taxonomy":"product_cat","embeddable":true,"href":"https:\/\/shaaraf.com\/es\/wp-json\/wp\/v2\/product_cat?post=4241"},{"taxonomy":"product_tag","embeddable":true,"href":"https:\/\/shaaraf.com\/es\/wp-json\/wp\/v2\/product_tag?post=4241"}],"curies":[{"name":"wp","href":"https:\/\/api.w.org\/{rel}","templated":true}]}}