{"id":4225,"date":"2021-10-12T22:18:19","date_gmt":"2021-10-12T22:18:19","guid":{"rendered":"https:\/\/shaaraf.com\/?post_type=product&#038;p=4225"},"modified":"2024-03-04T23:26:28","modified_gmt":"2024-03-04T23:26:28","slug":"circular-looms","status":"publish","type":"product","link":"https:\/\/shaaraf.com\/es\/product\/circular-looms\/","title":{"rendered":"Telares Circulares"},"content":{"rendered":"<p><\/p>\n<div class=\"boldgrid-section\">\n<div class=\"container\">\n<div class=\"row\">\n<div class=\"col-lg-12 col-md-12 col-xs-12 col-sm-12\">\n<p>Consigue 5 telares circulares de diferentes tama\u00f1os y disfruta tejiendo telas circulares especiales de tu propio dise\u00f1o que podr\u00e1s utilizar (con o sin telar) como tapices, posavasos, fundas de almohada, etc.<br \/>\nLos telares circulares son aptos para todas las edades y los ni\u00f1os pueden aprender a utilizarlos f\u00e1cilmente.<\/p>\n<\/div>\n<\/div>\n<\/div>\n<\/div>\n<p><\/p>","protected":false},"excerpt":{"rendered":"<p>Consigue 5 telares circulares de diferentes tama\u00f1os y disfruta tejiendo telas circulares especiales de tu propio dise\u00f1o que podr\u00e1s utilizar (con o sin telar) como tapices, posavasos, fundas de almohada, etc.<br \/>\nLos telares circulares son aptos para todas las edades y los ni\u00f1os pueden aprender a utilizarlos f\u00e1cilmente.<\/p>\n","protected":false},"featured_media":4227,"template":"","meta":{"bgseo_title":"","bgseo_description":"","bgseo_robots_index":"index","bgseo_robots_follow":"follow"},"product_brand":[],"product_cat":[187],"product_tag":[],"class_list":{"0":"post-4225","1":"product","2":"type-product","3":"status-publish","4":"has-post-thumbnail","6":"product_cat-tapestry-looms","8":"first","9":"instock","10":"shipping-taxable","11":"purchasable","12":"product-type-simple"},"_links":{"self":[{"href":"https:\/\/shaaraf.com\/es\/wp-json\/wp\/v2\/product\/4225","targetHints":{"allow":["GET"]}}],"collection":[{"href":"https:\/\/shaaraf.com\/es\/wp-json\/wp\/v2\/product"}],"about":[{"href":"https:\/\/shaaraf.com\/es\/wp-json\/wp\/v2\/types\/product"}],"wp:featuredmedia":[{"embeddable":true,"href":"https:\/\/shaaraf.com\/es\/wp-json\/wp\/v2\/media\/4227"}],"wp:attachment":[{"href":"https:\/\/shaaraf.com\/es\/wp-json\/wp\/v2\/media?parent=4225"}],"wp:term":[{"taxonomy":"product_brand","embeddable":true,"href":"https:\/\/shaaraf.com\/es\/wp-json\/wp\/v2\/product_brand?post=4225"},{"taxonomy":"product_cat","embeddable":true,"href":"https:\/\/shaaraf.com\/es\/wp-json\/wp\/v2\/product_cat?post=4225"},{"taxonomy":"product_tag","embeddable":true,"href":"https:\/\/shaaraf.com\/es\/wp-json\/wp\/v2\/product_tag?post=4225"}],"curies":[{"name":"wp","href":"https:\/\/api.w.org\/{rel}","templated":true}]}}