{"id":4223,"date":"2021-10-12T22:13:30","date_gmt":"2021-10-12T22:13:30","guid":{"rendered":"https:\/\/shaaraf.com\/?post_type=product&#038;p=4223"},"modified":"2023-11-29T21:14:30","modified_gmt":"2023-11-29T21:14:30","slug":"card-loom","status":"publish","type":"product","link":"https:\/\/shaaraf.com\/es\/product\/card-loom\/","title":{"rendered":"Telar de Inkle de Tarjetas"},"content":{"rendered":"<p>Con el telar de inkle de tarjetas de Shaaraf, disfrute tejiendo bandas y correas cuyos patrones pueden ser tan \u00fanicos que no se pueden implementar incluso con equipos de tejido mec\u00e1nico. El telar de inkle de tarjetas es un tipo de telares de inkle que se caracteriza por ser capaz de tejer bandas y correas que no pueden ser tejidas por m\u00e1quinas y que puede implementar cualquier patr\u00f3n incluso si los hilos se retuercen unidireccionalmente (a diferencia de los telares de inkle ordinarios). Con el telar de inkle de tarjetas de shaaraf, consigue tener bandas fuertes de alta calidad, trenzas y cintas de tu propio dise\u00f1o con anchos de hasta 12 cm y longitudes indefinidas.<\/p>\n<p>Este telar se puede utilizar de manera eficiente en la producci\u00f3n profesional de inkles vers\u00e1tiles que se pueden usar en ropa en forma de cinturones, correas de bolsa, cordones de zapatos, pulseras, adornos en la ropa,..etc. Tambi\u00e9n se utilizan en muebles como adornos para sillas, cortinas y alfombras.Adem\u00e1s, se pueden utilizar individualmente como bandas para cortinas y tapices.Adem\u00e1s, se pueden utilizar en el campo industrial como cinturones de seguridad.<\/p>\n<p>El telar de inkle de tarjetas se puede utilizar de manera eficiente en el tejido de Al Sadu, que se distingue por sus patrones especiales y versatilidad, especialmente en los pa\u00edses \u00e1rabes.<\/p>\n<p>El telar de inkle de tarjetas se caracteriza por ser port\u00e1til. Adem\u00e1s, es divertido y f\u00e1cil de usar; incluso los ni\u00f1os pueden usarlo para tejer sus propios accesorios y ciertamente tambi\u00e9n se puede usar en la producci\u00f3n profesional de artesanos y artesanas.<\/p>\n<p><span style=\"color: #0d5e73;\"><strong> Propiedades generales:<\/strong><\/span><\/p>\n<p>&#8211; M\u00e1x.ancho de urdimbre: 12 cm (4.7&#8243;)<\/p>\n<p>&#8211; M\u00e1x. longitud de urdmibre: indefinida.<\/p>\n<p>&#8211; No.de clavijas: 3.<\/p>\n<p><strong><span style=\"color: #0d5e73;\">Accesorios incluidos gratis:<\/span><\/strong><\/p>\n<p>&#8211; una lanzadera especial para usar con el telar.<\/p>\n<p>&#8211; 25 tarjetas.<\/p>\n<p><strong><span style=\"color: #0d5e73;\"> Propiedades de fabricaci\u00f3n:<\/span><\/strong><\/p>\n<p>&#8211; Estructura duradera y robusta.<\/p>\n<p>&#8211; Desmontado (las instrucciones de montaje est\u00e1n disponibles).<\/p>\n<p>&#8211; Peso: 4 Kg.<\/p>\n<p>&#8211; Materiales: Madera de haya altamente seca.<\/p>\n<p>&#8211; Acabado aislante y laca de nitrocelulosa.<\/p>","protected":false},"excerpt":{"rendered":"<p>Con el telar de inkle de tarjetas de Shaaraf, disfrute tejiendo bandas y correas cuyos patrones pueden ser tan \u00fanicos que no se pueden implementar incluso con equipos de tejido mec\u00e1nico. El telar de inkle de tarjetas es un tipo de telares de inkle que se caracteriza por ser capaz de tejer bandas y correas que no pueden ser tejidas por m\u00e1quinas y que puede implementar cualquier patr\u00f3n incluso si los hilos se retuercen unidireccionalmente (a diferencia de los telares de inkle ordinarios). Con el telar de inkle de tarjetas de Shaaraf, consigue tener bandas fuertes de alta calidad, trenzas y cintas de tu propio dise\u00f1o con anchos de hasta 12 cm y longitudes indefinidas. Para obtener m\u00e1s informaci\u00f3n sobre el telar y sus usos, consulte la pesta\u00f1a &#8216;informaci\u00f3n detallada&#8217; a continuaci\u00f3n.<\/p>\n","protected":false},"featured_media":4224,"template":"","meta":{"bgseo_title":"","bgseo_description":"","bgseo_robots_index":"index","bgseo_robots_follow":"follow"},"product_brand":[],"product_cat":[184],"product_tag":[],"class_list":{"0":"post-4223","1":"product","2":"type-product","3":"status-publish","4":"has-post-thumbnail","6":"product_cat-inkle-looms","8":"first","9":"instock","10":"shipping-taxable","11":"purchasable","12":"product-type-simple"},"_links":{"self":[{"href":"https:\/\/shaaraf.com\/es\/wp-json\/wp\/v2\/product\/4223","targetHints":{"allow":["GET"]}}],"collection":[{"href":"https:\/\/shaaraf.com\/es\/wp-json\/wp\/v2\/product"}],"about":[{"href":"https:\/\/shaaraf.com\/es\/wp-json\/wp\/v2\/types\/product"}],"wp:featuredmedia":[{"embeddable":true,"href":"https:\/\/shaaraf.com\/es\/wp-json\/wp\/v2\/media\/4224"}],"wp:attachment":[{"href":"https:\/\/shaaraf.com\/es\/wp-json\/wp\/v2\/media?parent=4223"}],"wp:term":[{"taxonomy":"product_brand","embeddable":true,"href":"https:\/\/shaaraf.com\/es\/wp-json\/wp\/v2\/product_brand?post=4223"},{"taxonomy":"product_cat","embeddable":true,"href":"https:\/\/shaaraf.com\/es\/wp-json\/wp\/v2\/product_cat?post=4223"},{"taxonomy":"product_tag","embeddable":true,"href":"https:\/\/shaaraf.com\/es\/wp-json\/wp\/v2\/product_tag?post=4223"}],"curies":[{"name":"wp","href":"https:\/\/api.w.org\/{rel}","templated":true}]}}