{"id":3541,"date":"2019-10-04T22:09:52","date_gmt":"2019-10-04T22:09:52","guid":{"rendered":"https:\/\/shaaraf.com\/?post_type=product&#038;p=3541"},"modified":"2025-04-21T17:51:58","modified_gmt":"2025-04-21T17:51:58","slug":"square-loom","status":"publish","type":"product","link":"https:\/\/shaaraf.com\/es\/product\/square-loom\/","title":{"rendered":"Telar Cuadrado"},"content":{"rendered":"<p><\/p>\n<div class=\"boldgrid-section\">\n<div class=\"container\">\n<div class=\"row\">\n<div class=\"col-lg-12 col-md-12 col-xs-12 col-sm-12\">\n<p class=\"\">El telar cuadrado es un telar f\u00e1cil y divertido entre el conjunto de telares de p\u00faas que ayudan a obtener grandes piezas tejidas de formas geom\u00e9tricas (triangular &#8211; cuadrado &#8211; rectangular &#8211; pent\u00e1gono &#8211; oct\u00e1gono) que se pueden unir y hacer ropa o manteles con un dise\u00f1o especial. tuyo, o usarlos individualmente como posavasos, materiales para botones y m\u00e1s.<br \/>\nEl telar es conveniente para todas las edades y los ni\u00f1os pueden aprender a usarlo f\u00e1cilmente.<br \/>\nAdjunto encontrar\u00e1 una aguja de tejer junto con otra aguja para unir cuadrados (parece la aguja de crochet) y un peque\u00f1o peine para empujar los hilos. Adem\u00e1s, se adjunta un peque\u00f1o folleto con las propiedades, instrucciones y fundamentos de uso del telar.<br \/>\nEn nuestro canal de YouTube podr\u00e1s encontrar tutoriales para el uso profesional del telar y ejercicios de patronaje.<\/p>\n<\/div>\n<\/div>\n<\/div>\n<\/div>\n<p><\/p>","protected":false},"excerpt":{"rendered":"<p>El telar cuadrado es un telar f\u00e1cil y divertido entre el conjunto de telares de p\u00faas que ayudan a obtener grandes piezas tejidas de formas geom\u00e9tricas (triangular &#8211; cuadrado &#8211; rectangular &#8211; pent\u00e1gono &#8211; oct\u00e1gono) que se pueden unir y hacer ropa o manteles con un dise\u00f1o especial. tuyo, o usarlos individualmente como posavasos, materiales para botones y m\u00e1s. El telar es conveniente para todas las edades y los ni\u00f1os pueden aprender a usarlo f\u00e1cilmente.<\/p>\n","protected":false},"featured_media":4452,"template":"","meta":{"bgseo_title":"","bgseo_description":"","bgseo_robots_index":"index","bgseo_robots_follow":"follow"},"product_brand":[],"product_cat":[187],"product_tag":[],"class_list":{"0":"post-3541","1":"product","2":"type-product","3":"status-publish","4":"has-post-thumbnail","6":"product_cat-tapestry-looms","8":"first","9":"instock","10":"shipping-taxable","11":"purchasable","12":"product-type-variable"},"_links":{"self":[{"href":"https:\/\/shaaraf.com\/es\/wp-json\/wp\/v2\/product\/3541","targetHints":{"allow":["GET"]}}],"collection":[{"href":"https:\/\/shaaraf.com\/es\/wp-json\/wp\/v2\/product"}],"about":[{"href":"https:\/\/shaaraf.com\/es\/wp-json\/wp\/v2\/types\/product"}],"wp:featuredmedia":[{"embeddable":true,"href":"https:\/\/shaaraf.com\/es\/wp-json\/wp\/v2\/media\/4452"}],"wp:attachment":[{"href":"https:\/\/shaaraf.com\/es\/wp-json\/wp\/v2\/media?parent=3541"}],"wp:term":[{"taxonomy":"product_brand","embeddable":true,"href":"https:\/\/shaaraf.com\/es\/wp-json\/wp\/v2\/product_brand?post=3541"},{"taxonomy":"product_cat","embeddable":true,"href":"https:\/\/shaaraf.com\/es\/wp-json\/wp\/v2\/product_cat?post=3541"},{"taxonomy":"product_tag","embeddable":true,"href":"https:\/\/shaaraf.com\/es\/wp-json\/wp\/v2\/product_tag?post=3541"}],"curies":[{"name":"wp","href":"https:\/\/api.w.org\/{rel}","templated":true}]}}