{"id":3188,"date":"2019-03-18T21:31:20","date_gmt":"2019-03-18T21:31:20","guid":{"rendered":"https:\/\/shaaraf.com\/?post_type=product&#038;p=3188"},"modified":"2025-04-21T20:46:07","modified_gmt":"2025-04-21T20:46:07","slug":"tapestry-loom","status":"publish","type":"product","link":"https:\/\/shaaraf.com\/es\/product\/tapestry-loom\/","title":{"rendered":"Telar de Tapiz Zeina"},"content":{"rendered":"<p>El telar de tapiz Zeina de Shaaraf es uno de los telares m\u00e1s simples y f\u00e1ciles de aprender y usar. Sin embargo, es bastante r\u00edgido y duradero debido a los materiales de alta calidad junto con excelentes t\u00e9cnicas de fabricaci\u00f3n y acabado.<\/p>\n<p>La caracter\u00edstica distintiva de este telar es que puede cambiar la longitud de la tela a 3 valores diferentes definidos de acuerdo con el ancho del telar.<\/p>\n<p>Con el telar de tapiz Zeina, puede obtener piezas tejidas si es arte de su propia creaci\u00f3n que puede colgar en las paredes, lo que agregar\u00e1 un toque art\u00edstico especial a su casa.<\/p>\n<p>Obtenga el telar de tapiz Zeina con precios muy asequibles y disfrute de textiles excelentes con longitudes variables que se adaptan a su uso.<\/p>","protected":false},"excerpt":{"rendered":"<p>El telar de Tapiz Zeina de Shaaraf es uno de los telares m\u00e1s simples y f\u00e1ciles de aprender y usar. Sin embargo, es bastante r\u00edgido y duradero debido a los materiales de alta calidad junto con excelentes t\u00e9cnicas de fabricaci\u00f3n y acabado. La caracter\u00edstica distintiva de este telar es que puede cambiar la longitud de la tela a 3 valores diferentes definidos de acuerdo con el ancho del telar.<br \/>\nCon el telar de tapiz Zeina, puede obtener piezas tejidas si es arte de su propia creaci\u00f3n que puede colgar en las paredes, lo que agregar\u00e1 un toque art\u00edstico especial a su casa.<\/p>\n","protected":false},"featured_media":3453,"template":"","meta":{"bgseo_title":"","bgseo_description":"","bgseo_robots_index":"index","bgseo_robots_follow":"follow"},"product_brand":[],"product_cat":[187],"product_tag":[],"class_list":{"0":"post-3188","1":"product","2":"type-product","3":"status-publish","4":"has-post-thumbnail","6":"product_cat-tapestry-looms","8":"first","9":"instock","10":"shipping-taxable","11":"purchasable","12":"product-type-variable"},"_links":{"self":[{"href":"https:\/\/shaaraf.com\/es\/wp-json\/wp\/v2\/product\/3188","targetHints":{"allow":["GET"]}}],"collection":[{"href":"https:\/\/shaaraf.com\/es\/wp-json\/wp\/v2\/product"}],"about":[{"href":"https:\/\/shaaraf.com\/es\/wp-json\/wp\/v2\/types\/product"}],"wp:featuredmedia":[{"embeddable":true,"href":"https:\/\/shaaraf.com\/es\/wp-json\/wp\/v2\/media\/3453"}],"wp:attachment":[{"href":"https:\/\/shaaraf.com\/es\/wp-json\/wp\/v2\/media?parent=3188"}],"wp:term":[{"taxonomy":"product_brand","embeddable":true,"href":"https:\/\/shaaraf.com\/es\/wp-json\/wp\/v2\/product_brand?post=3188"},{"taxonomy":"product_cat","embeddable":true,"href":"https:\/\/shaaraf.com\/es\/wp-json\/wp\/v2\/product_cat?post=3188"},{"taxonomy":"product_tag","embeddable":true,"href":"https:\/\/shaaraf.com\/es\/wp-json\/wp\/v2\/product_tag?post=3188"}],"curies":[{"name":"wp","href":"https:\/\/api.w.org\/{rel}","templated":true}]}}