{"id":3184,"date":"2019-03-17T22:48:57","date_gmt":"2019-03-17T22:48:57","guid":{"rendered":"https:\/\/shaaraf.com\/?post_type=product&#038;p=3184"},"modified":"2025-04-21T20:47:51","modified_gmt":"2025-04-21T20:47:51","slug":"rigid-heddle-loom","status":"publish","type":"product","link":"https:\/\/shaaraf.com\/es\/product\/rigid-heddle-loom\/","title":{"rendered":"Telar de Lizo R\u00edgido Haneen"},"content":{"rendered":"<p><\/p>\n<div class=\"boldgrid-section\">\n<div class=\"container\">\n<div class=\"row\">\n<div class=\"col-lg-12 col-md-12 col-xs-12 col-sm-12\">\n<p class=\"\">Este telar se puede utilizar para tejer una amplia gama de textiles, por ejemplo: bufandas, chales, toallas, o telas utilizadas en la confecci\u00f3n de ropa o fundas de almohadas, etc.<br \/>\nEst\u00e1 disponible con 2 anchos de tejido: 60 cm (23,6&#8243;) y 80 cm (31,5&#8243;).<br \/>\nAdjunta al telar hay una ca\u00f1a que le otorga 2 ejes al telar; Se puede instalar una ca\u00f1a adicional para aumentar el n\u00famero de ejes a 3 o 4, si es necesario. Est\u00e1n disponibles ca\u00f1as de 2, 3, 4, 5, 6, 7 u 8 dientes por cm; esto permite utilizar hilos de diferentes densidades.<\/p>\n<\/div>\n<\/div>\n<\/div>\n<\/div>\n<p><\/p>","protected":false},"excerpt":{"rendered":"<p>Este telar se puede utilizar para tejer una amplia gama de textiles, por ejemplo: bufandas, chales, toallas, o telas utilizadas en la confecci\u00f3n de ropa o fundas de almohadas, etc.<br \/>\nAdjunta al telar hay una ca\u00f1a que le otorga 2 ejes al telar; Se puede instalar una ca\u00f1a adicional para aumentar el n\u00famero de ejes a 3 o 4, si es necesario. Est\u00e1n disponibles ca\u00f1as de 2, 3, 4, 5, 6, 7 u 8 dientes por cm; esto permite utilizar hilos de diferentes densidades.<\/p>\n","protected":false},"featured_media":4750,"template":"","meta":{"bgseo_title":"","bgseo_description":"","bgseo_robots_index":"index","bgseo_robots_follow":"follow"},"product_brand":[],"product_cat":[185],"product_tag":[],"class_list":{"0":"post-3184","1":"product","2":"type-product","3":"status-publish","4":"has-post-thumbnail","6":"product_cat-rigid-heddle-looms","8":"first","9":"instock","10":"shipping-taxable","11":"purchasable","12":"product-type-variable"},"_links":{"self":[{"href":"https:\/\/shaaraf.com\/es\/wp-json\/wp\/v2\/product\/3184","targetHints":{"allow":["GET"]}}],"collection":[{"href":"https:\/\/shaaraf.com\/es\/wp-json\/wp\/v2\/product"}],"about":[{"href":"https:\/\/shaaraf.com\/es\/wp-json\/wp\/v2\/types\/product"}],"wp:featuredmedia":[{"embeddable":true,"href":"https:\/\/shaaraf.com\/es\/wp-json\/wp\/v2\/media\/4750"}],"wp:attachment":[{"href":"https:\/\/shaaraf.com\/es\/wp-json\/wp\/v2\/media?parent=3184"}],"wp:term":[{"taxonomy":"product_brand","embeddable":true,"href":"https:\/\/shaaraf.com\/es\/wp-json\/wp\/v2\/product_brand?post=3184"},{"taxonomy":"product_cat","embeddable":true,"href":"https:\/\/shaaraf.com\/es\/wp-json\/wp\/v2\/product_cat?post=3184"},{"taxonomy":"product_tag","embeddable":true,"href":"https:\/\/shaaraf.com\/es\/wp-json\/wp\/v2\/product_tag?post=3184"}],"curies":[{"name":"wp","href":"https:\/\/api.w.org\/{rel}","templated":true}]}}